{"id":144,"date":"2025-07-21T20:34:09","date_gmt":"2025-07-21T18:34:09","guid":{"rendered":"https:\/\/navaleno-o.es\/?page_id=144"},"modified":"2025-07-22T13:49:33","modified_gmt":"2025-07-22T11:49:33","slug":"liga-norte-2022","status":"publish","type":"page","link":"https:\/\/navaleno-o.es\/index.php\/carreras-anteriores\/liga-norte-2022\/","title":{"rendered":"Liga Norte 2022"},"content":{"rendered":"\n<p>Esta p\u00e1gina conserva la informaci\u00f3n oficial de la Liga Norte 2022, organizada por el Club de Orientaci\u00f3n de Navaleno. Puedes consultar el \u00faltimo bolet\u00edn, el cartel, los resultados y las horas de salidas.<\/p>\n\n\n\n<hr class=\"wp-block-separator has-text-color has-white-color has-alpha-channel-opacity has-white-background-color has-background is-style-wide\"\/>\n\n\n\n<h2 class=\"wp-block-heading alignfull has-text-align-center has-white-color has-text-color has-background has-link-color has-medium-font-size wp-elements-51dc5368b3f5857296d54b5cb043508b\" style=\"background-color:#006248\"><a href=\"https:\/\/navaleno-o.es\/wp-content\/uploads\/2025\/07\/Totales-liga-norte2022.pdf\">Resultados Totales<\/a><\/h2>\n\n\n\n<hr class=\"wp-block-separator has-text-color has-alpha-channel-opacity has-background is-style-wide\" style=\"background-color:#4e7820;color:#4e7820\"\/>\n\n\n\n<h2 class=\"wp-block-heading alignfull has-text-align-center has-white-color has-text-color has-background has-link-color has-medium-font-size wp-elements-d3c2d3fb5f428e5e45dd3973407763b4\" style=\"background-color:#002c61\"><a href=\"https:\/\/navaleno-o.es\/wp-content\/uploads\/2025\/07\/Liga-norte2022-horas-por-club.pdf\">Horas de salida por Club<\/a><\/h2>\n\n\n\n<hr class=\"wp-block-separator has-text-color has-alpha-channel-opacity has-background is-style-wide\" style=\"background-color:#4e7820;color:#4e7820\"\/>\n\n\n\n<figure class=\"wp-block-image size-large is-resized\"><a href=\"https:\/\/navaleno-o.es\/wp-content\/uploads\/2025\/07\/liga_norte-2022.pdf\"><img loading=\"lazy\" decoding=\"async\" width=\"730\" height=\"1024\" src=\"https:\/\/navaleno-o.es\/wp-content\/uploads\/2025\/07\/liga_norte-2022-730x1024.jpg\" alt=\"Cartel oficial de la Liga Norte 2022. Fechas de la carrera, colaboradores y campeonato. Organizado por el Club de Orientaci\u00f3n de Navaleno.\" class=\"wp-image-136\" style=\"width:760px;height:auto\" srcset=\"https:\/\/navaleno-o.es\/wp-content\/uploads\/2025\/07\/liga_norte-2022-730x1024.jpg 730w, https:\/\/navaleno-o.es\/wp-content\/uploads\/2025\/07\/liga_norte-2022-214x300.jpg 214w, https:\/\/navaleno-o.es\/wp-content\/uploads\/2025\/07\/liga_norte-2022-768x1077.jpg 768w, https:\/\/navaleno-o.es\/wp-content\/uploads\/2025\/07\/liga_norte-2022-1095x1536.jpg 1095w, https:\/\/navaleno-o.es\/wp-content\/uploads\/2025\/07\/liga_norte-2022.jpg 1276w\" sizes=\"auto, (max-width: 730px) 100vw, 730px\" \/><\/a><\/figure>\n","protected":false},"excerpt":{"rendered":"<p>Esta p\u00e1gina conserva la informaci\u00f3n oficial de la Liga Norte 2022, organizada por el Club de Orientaci\u00f3n de Navaleno. Puedes<\/p>\n","protected":false},"author":1,"featured_media":0,"parent":71,"menu_order":0,"comment_status":"closed","ping_status":"closed","template":"","meta":{"colormag_page_layout":"default_layout","footnotes":""},"class_list":["post-144","page","type-page","status-publish","hentry"],"_links":{"self":[{"href":"https:\/\/navaleno-o.es\/index.php\/wp-json\/wp\/v2\/pages\/144","targetHints":{"allow":["GET"]}}],"collection":[{"href":"https:\/\/navaleno-o.es\/index.php\/wp-json\/wp\/v2\/pages"}],"about":[{"href":"https:\/\/navaleno-o.es\/index.php\/wp-json\/wp\/v2\/types\/page"}],"author":[{"embeddable":true,"href":"https:\/\/navaleno-o.es\/index.php\/wp-json\/wp\/v2\/users\/1"}],"replies":[{"embeddable":true,"href":"https:\/\/navaleno-o.es\/index.php\/wp-json\/wp\/v2\/comments?post=144"}],"version-history":[{"count":5,"href":"https:\/\/navaleno-o.es\/index.php\/wp-json\/wp\/v2\/pages\/144\/revisions"}],"predecessor-version":[{"id":166,"href":"https:\/\/navaleno-o.es\/index.php\/wp-json\/wp\/v2\/pages\/144\/revisions\/166"}],"up":[{"embeddable":true,"href":"https:\/\/navaleno-o.es\/index.php\/wp-json\/wp\/v2\/pages\/71"}],"wp:attachment":[{"href":"https:\/\/navaleno-o.es\/index.php\/wp-json\/wp\/v2\/media?parent=144"}],"curies":[{"name":"wp","href":"https:\/\/api.w.org\/{rel}","templated":true}]}}