{"id":152,"date":"2025-07-21T20:49:49","date_gmt":"2025-07-21T18:49:49","guid":{"rendered":"https:\/\/navaleno-o.es\/?page_id=152"},"modified":"2025-07-22T13:47:47","modified_gmt":"2025-07-22T11:47:47","slug":"liga-norte-2025","status":"publish","type":"page","link":"https:\/\/navaleno-o.es\/index.php\/carreras-anteriores\/liga-norte-2025\/","title":{"rendered":"Liga Norte 2025"},"content":{"rendered":"\n<p>Esta p\u00e1gina conserva la informaci\u00f3n oficial de la Liga Norte 2025, organizada por el Club de Orientaci\u00f3n de Navaleno. Puedes consultar el \u00faltimo bolet\u00edn, el cartel, los resultados y las horas de salidas.<\/p>\n\n\n\n<hr class=\"wp-block-separator has-text-color has-alpha-channel-opacity has-background is-style-wide\" style=\"background-color:#4e7820;color:#4e7820\"\/>\n\n\n\n<h2 class=\"wp-block-heading alignfull has-text-align-center has-white-color has-text-color has-background has-link-color has-medium-font-size wp-elements-ec5e306d2dbab8e125a090b638e69cae\" style=\"background-color:#004431\"><a href=\"https:\/\/navaleno-o.es\/wp-content\/uploads\/2025\/07\/ResultadosOficialesE1-Liga-norte2025.pdf\">Resultados Oficiales (Media Distancia)<\/a><\/h2>\n\n\n\n<p><\/p>\n\n\n\n<h2 class=\"wp-block-heading alignfull has-text-align-center has-white-color has-text-color has-background has-link-color has-medium-font-size wp-elements-8c73b5186b30482c7c10270cba8a2600\" style=\"background-color:#006448\"><a href=\"https:\/\/navaleno-o.es\/wp-content\/uploads\/2025\/07\/ResultadosOficialesE2-Liga-norte2025.pdf\">Resultados Oficiales (Distancia Intermedia)<\/a><\/h2>\n\n\n\n<p><\/p>\n\n\n\n<h2 class=\"wp-block-heading alignfull has-text-align-center has-white-color has-text-color has-background has-link-color has-medium-font-size wp-elements-be08f92362b44e3b17a6dcf58d65042e\" style=\"background-color:#085741\">Resultados Provisionales (Suma)<\/h2>\n\n\n\n<p><\/p>\n\n\n\n<h2 class=\"wp-block-heading alignfull has-text-align-center has-white-color has-text-color has-background has-link-color has-medium-font-size wp-elements-5363402501ac426659fcd624f8ab5102\" style=\"background-color:#427868\"><a href=\"https:\/\/navaleno-o.es\/wp-content\/uploads\/2025\/07\/ResultadosTodosProvisionalesSuma-Liga-norte2025.pdf\">Resultados TODOS (Suma)<\/a><\/h2>\n\n\n\n<hr class=\"wp-block-separator has-text-color has-alpha-channel-opacity has-background is-style-wide\" style=\"background-color:#4e7820;color:#4e7820\"\/>\n\n\n\n<h2 class=\"wp-block-heading alignfull has-text-align-center has-white-color has-text-color has-background has-link-color has-medium-font-size wp-elements-e8e9f036386f2f82287b37840ce66f59\" style=\"background-color:#035671\"><a href=\"https:\/\/navaleno-o.es\/wp-content\/uploads\/2025\/07\/ResultadosTodosProvisionalesSuma-Liga-norte2025.pdf\">Horas de salida por Club<\/a><\/h2>\n\n\n\n<hr class=\"wp-block-separator has-text-color has-alpha-channel-opacity has-background is-style-wide\" style=\"background-color:#4e7820;color:#4e7820\"\/>\n\n\n\n<h2 class=\"wp-block-heading has-text-align-center has-background has-medium-font-size\" style=\"background-color:#ade571\">JURADO T\u00c9CNICO:<\/h2>\n\n\n\n<p class=\"has-text-align-center\">Director T\u00e9cnico: Mario Vidal Triquell Club Navaleno-O<\/p>\n\n\n\n<p class=\"has-text-align-center\">Coordinador Liga Norte: Pablo Fern\u00e1ndez Liria Club Nordeste-O<\/p>\n\n\n\n<p class=\"has-text-align-center\">Organizador siguiente Liga Norte: Juanma Lasso Fr\u00edas CDP-O<\/p>\n\n\n\n<p class=\"has-text-align-center\">Deportista: Susana Diego D\u00edez CD Navarra<\/p>\n\n\n\n<hr class=\"wp-block-separator has-text-color has-alpha-channel-opacity has-background is-style-wide\" style=\"background-color:#4e7820;color:#4e7820\"\/>\n\n\n\n<figure class=\"wp-block-image aligncenter size-full is-resized\"><a href=\"https:\/\/navaleno-o.es\/wp-content\/uploads\/2025\/07\/liga_norte-2025.pdf\"><img loading=\"lazy\" decoding=\"async\" width=\"450\" height=\"636\" src=\"https:\/\/navaleno-o.es\/wp-content\/uploads\/2025\/07\/liganorte2025-450x636-1.png\" alt=\"Cartel oficial de la Liga Norte 2025. Fechas de la competici\u00f3n, colaboradores y carreras. Organizado por el Club de Orientaci\u00f3n de Navaleno.\" class=\"wp-image-129\" style=\"width:453px;height:auto\" srcset=\"https:\/\/navaleno-o.es\/wp-content\/uploads\/2025\/07\/liganorte2025-450x636-1.png 450w, https:\/\/navaleno-o.es\/wp-content\/uploads\/2025\/07\/liganorte2025-450x636-1-212x300.png 212w\" sizes=\"auto, (max-width: 450px) 100vw, 450px\" \/><\/a><\/figure>\n","protected":false},"excerpt":{"rendered":"<p>Esta p\u00e1gina conserva la informaci\u00f3n oficial de la Liga Norte 2025, organizada por el Club de Orientaci\u00f3n de Navaleno. Puedes<\/p>\n","protected":false},"author":1,"featured_media":0,"parent":71,"menu_order":0,"comment_status":"closed","ping_status":"closed","template":"","meta":{"colormag_page_layout":"default_layout","footnotes":""},"class_list":["post-152","page","type-page","status-publish","hentry"],"_links":{"self":[{"href":"https:\/\/navaleno-o.es\/index.php\/wp-json\/wp\/v2\/pages\/152","targetHints":{"allow":["GET"]}}],"collection":[{"href":"https:\/\/navaleno-o.es\/index.php\/wp-json\/wp\/v2\/pages"}],"about":[{"href":"https:\/\/navaleno-o.es\/index.php\/wp-json\/wp\/v2\/types\/page"}],"author":[{"embeddable":true,"href":"https:\/\/navaleno-o.es\/index.php\/wp-json\/wp\/v2\/users\/1"}],"replies":[{"embeddable":true,"href":"https:\/\/navaleno-o.es\/index.php\/wp-json\/wp\/v2\/comments?post=152"}],"version-history":[{"count":3,"href":"https:\/\/navaleno-o.es\/index.php\/wp-json\/wp\/v2\/pages\/152\/revisions"}],"predecessor-version":[{"id":163,"href":"https:\/\/navaleno-o.es\/index.php\/wp-json\/wp\/v2\/pages\/152\/revisions\/163"}],"up":[{"embeddable":true,"href":"https:\/\/navaleno-o.es\/index.php\/wp-json\/wp\/v2\/pages\/71"}],"wp:attachment":[{"href":"https:\/\/navaleno-o.es\/index.php\/wp-json\/wp\/v2\/media?parent=152"}],"curies":[{"name":"wp","href":"https:\/\/api.w.org\/{rel}","templated":true}]}}