{"id":2,"date":"2025-07-10T12:38:44","date_gmt":"2025-07-10T12:38:44","guid":{"rendered":"http:\/\/navaleno-o.es\/?page_id=2"},"modified":"2026-04-23T19:48:16","modified_gmt":"2026-04-23T17:48:16","slug":"informacion-general","status":"publish","type":"page","link":"https:\/\/navaleno-o.es\/","title":{"rendered":"Informaci\u00f3n general"},"content":{"rendered":"\n<h1 class=\"wp-block-heading has-medium-font-size\">Bienvenido a la p\u00e1gina web oficial del Club de Orientaci\u00f3n de Navaleno. Aqu\u00ed encontrar\u00e1s informaci\u00f3n del club, informaci\u00f3n general sobre las carreras que organizamos, resultados y fotograf\u00edas de nuestras actividades.\u00a0<\/h1>\n\n\n\n<hr class=\"wp-block-separator has-text-color has-alpha-channel-opacity has-background is-style-wide\" style=\"background-color:#4e7820;color:#4e7820\"\/>\n\n\n\n<h2 class=\"wp-block-heading has-text-align-center has-white-color has-text-color has-background has-link-color has-large-font-size wp-elements-30d5da694d3c359732b8262746a15df8\" id=\"proximas-carreras\" style=\"background-color:#4e7820\">Pr\u00f3ximas carreras<\/h2>\n\n\n\n<p><\/p>\n\n\n\n<h2 class=\"wp-block-heading has-text-align-center has-white-color has-text-color has-background has-link-color has-medium-font-size wp-elements-c5f1168851993d0da10683414a1c9f0c\" style=\"background-color:#205a78\">Liga Norte y Liga FOCYL 2026<\/h2>\n\n\n\n<figure class=\"wp-block-image size-large\"><a href=\"https:\/\/navaleno-o.es\/wp-content\/uploads\/2026\/04\/Boletin-0-Liga-Norte-2026.pdf\" target=\"_blank\" rel=\" noreferrer noopener\"><img loading=\"lazy\" decoding=\"async\" width=\"724\" height=\"1024\" src=\"https:\/\/navaleno-o.es\/wp-content\/uploads\/2026\/04\/Unknown-1-724x1024.jpeg\" alt=\"\" class=\"wp-image-1130\" srcset=\"https:\/\/navaleno-o.es\/wp-content\/uploads\/2026\/04\/Unknown-1-724x1024.jpeg 724w, https:\/\/navaleno-o.es\/wp-content\/uploads\/2026\/04\/Unknown-1-212x300.jpeg 212w, https:\/\/navaleno-o.es\/wp-content\/uploads\/2026\/04\/Unknown-1-768x1086.jpeg 768w, https:\/\/navaleno-o.es\/wp-content\/uploads\/2026\/04\/Unknown-1-1086x1536.jpeg 1086w, https:\/\/navaleno-o.es\/wp-content\/uploads\/2026\/04\/Unknown-1.jpeg 1131w\" sizes=\"auto, (max-width: 724px) 100vw, 724px\" \/><\/a><\/figure>\n\n\n\n<p class=\"has-text-align-center\">Haz clic para consultar el Bolet\u00edn 0 de la Liga Norte 2026.<\/p>\n\n\n\n<h2 class=\"wp-block-heading has-text-align-center has-white-color has-text-color has-background has-link-color has-medium-font-size wp-elements-f4d638e7ba7ca9ba3fba48d04fa71edc\" style=\"background-color:#205a78\">Liga Espa\u00f1ola de Orientaci\u00f3n 2026<\/h2>\n\n\n\n<figure class=\"wp-block-image size-large\"><a href=\"https:\/\/navaleno-o.es\/wp-content\/uploads\/2026\/04\/BOLETIN-0-Liga-Espanola-2026.pdf\" target=\"_blank\" rel=\" noreferrer noopener\"><img loading=\"lazy\" decoding=\"async\" width=\"724\" height=\"1024\" src=\"https:\/\/navaleno-o.es\/wp-content\/uploads\/2026\/04\/Unknown-2-724x1024.jpeg\" alt=\"\" class=\"wp-image-1131\" srcset=\"https:\/\/navaleno-o.es\/wp-content\/uploads\/2026\/04\/Unknown-2-724x1024.jpeg 724w, https:\/\/navaleno-o.es\/wp-content\/uploads\/2026\/04\/Unknown-2-212x300.jpeg 212w, https:\/\/navaleno-o.es\/wp-content\/uploads\/2026\/04\/Unknown-2-768x1086.jpeg 768w, https:\/\/navaleno-o.es\/wp-content\/uploads\/2026\/04\/Unknown-2-1086x1536.jpeg 1086w, https:\/\/navaleno-o.es\/wp-content\/uploads\/2026\/04\/Unknown-2.jpeg 1131w\" sizes=\"auto, (max-width: 724px) 100vw, 724px\" \/><\/a><\/figure>\n\n\n\n<p class=\"has-text-align-center has-small-font-size\">Haz clic para consultar el Bolet\u00edn 0 de la Liga Espa\u00f1ola 2026.<\/p>\n\n\n\n<p class=\"has-text-align-center has-white-color has-text-color has-background has-link-color wp-elements-c83694b8a6eef541c93d1bdb18f586c5\" style=\"background-color:#205a78\">Localizaciones Liga Espa\u00f1ola de Orientaci\u00f3n 2026<\/p>\n\n\n\n<figure class=\"wp-block-image size-large has-custom-border\"><img loading=\"lazy\" decoding=\"async\" width=\"1024\" height=\"768\" src=\"https:\/\/navaleno-o.es\/wp-content\/uploads\/2026\/04\/croquis-COMARCA-de-PINARES-2026-1024x768.jpg\" alt=\"\" class=\"has-border-color wp-image-1163\" style=\"border-color:#205a78\" srcset=\"https:\/\/navaleno-o.es\/wp-content\/uploads\/2026\/04\/croquis-COMARCA-de-PINARES-2026-1024x768.jpg 1024w, https:\/\/navaleno-o.es\/wp-content\/uploads\/2026\/04\/croquis-COMARCA-de-PINARES-2026-300x225.jpg 300w, https:\/\/navaleno-o.es\/wp-content\/uploads\/2026\/04\/croquis-COMARCA-de-PINARES-2026-768x576.jpg 768w, https:\/\/navaleno-o.es\/wp-content\/uploads\/2026\/04\/croquis-COMARCA-de-PINARES-2026-1536x1152.jpg 1536w, https:\/\/navaleno-o.es\/wp-content\/uploads\/2026\/04\/croquis-COMARCA-de-PINARES-2026.jpg 2000w\" sizes=\"auto, (max-width: 1024px) 100vw, 1024px\" \/><\/figure>\n\n\n\n<figure class=\"wp-block-image size-large\"><img loading=\"lazy\" decoding=\"async\" width=\"724\" height=\"1024\" src=\"https:\/\/navaleno-o.es\/wp-content\/uploads\/2026\/03\/Unknown-724x1024.jpeg\" alt=\"\" class=\"wp-image-1117\" srcset=\"https:\/\/navaleno-o.es\/wp-content\/uploads\/2026\/03\/Unknown-724x1024.jpeg 724w, https:\/\/navaleno-o.es\/wp-content\/uploads\/2026\/03\/Unknown-212x300.jpeg 212w, https:\/\/navaleno-o.es\/wp-content\/uploads\/2026\/03\/Unknown-768x1086.jpeg 768w, https:\/\/navaleno-o.es\/wp-content\/uploads\/2026\/03\/Unknown-1086x1536.jpeg 1086w, https:\/\/navaleno-o.es\/wp-content\/uploads\/2026\/03\/Unknown.jpeg 1131w\" sizes=\"auto, (max-width: 724px) 100vw, 724px\" \/><\/figure>\n\n\n\n<p><\/p>\n\n\n\n<h2 class=\"wp-block-heading has-text-align-center has-white-color has-text-color has-background has-link-color has-large-font-size wp-elements-411418c42d1cfe462741613d4bacbe39\" style=\"background-color:#4e7820\">V\u00eddeo: Campeonato de Espa\u00f1a de Ultrascore-Rogaining 2024<\/h2>\n\n\n\n<figure class=\"wp-block-video\"><video height=\"480\" style=\"aspect-ratio: 640 \/ 480;\" width=\"640\" controls poster=\"https:\/\/navaleno-o.es\/wp-content\/uploads\/2026\/04\/Captura-de-pantalla-2026-04-03-a-las-1.42.31-p.-m-scaled.png\" src=\"https:\/\/navaleno-o.es\/wp-content\/uploads\/2026\/04\/Campeonato-de-Espana-de-Ultrascore-Rogaining-2024-en-Navaleno.mp4\"><\/video><\/figure>\n\n\n\n<p class=\"has-text-align-center has-small-font-size\">Haz clic en el video para ver el Campeonato de Espa\u00f1a de Ultrascore-Rogaining 2024 en Navaleno.<\/p>\n\n\n\n<hr class=\"wp-block-separator has-text-color has-alpha-channel-opacity has-background is-style-wide\" style=\"background-color:#4e7820;color:#4e7820\"\/>\n\n\n\n<h2 class=\"wp-block-heading has-text-align-center has-white-color has-text-color has-background has-link-color has-large-font-size wp-elements-ce2f1f6a5d0e09bdf7d41535599aa423\" style=\"background-color:#4e7820\">De 2016 a 2026: Liga Espa\u00f1ola de Orientaci\u00f3n <\/h2>\n\n\n\n<figure class=\"wp-block-embed is-type-video is-provider-youtube wp-block-embed-youtube wp-embed-aspect-16-9 wp-has-aspect-ratio\"><div class=\"wp-block-embed__wrapper\">\n<iframe loading=\"lazy\" title=\"5 D\u00edas de Espa\u00f1a 2016: Sprint\" width=\"800\" height=\"450\" src=\"https:\/\/www.youtube.com\/embed\/Jk3we0GNycY?feature=oembed\" frameborder=\"0\" allow=\"accelerometer; autoplay; clipboard-write; encrypted-media; gyroscope; picture-in-picture; web-share\" referrerpolicy=\"strict-origin-when-cross-origin\" allowfullscreen><\/iframe>\n<\/div><\/figure>\n\n\n\n<p class=\"has-text-align-center has-small-font-size\">Haz clic en el v\u00eddeo para ver los 5 d\u00edas de Espa\u00f1a 2016 en los Pinares de Soria.<\/p>\n","protected":false},"excerpt":{"rendered":"<p>Bienvenido a la p\u00e1gina web oficial del Club de Orientaci\u00f3n de Navaleno. Aqu\u00ed encontrar\u00e1s informaci\u00f3n del club, informaci\u00f3n general sobre<\/p>\n","protected":false},"author":1,"featured_media":0,"parent":0,"menu_order":0,"comment_status":"closed","ping_status":"closed","template":"","meta":{"colormag_page_layout":"default_layout","footnotes":""},"class_list":["post-2","page","type-page","status-publish","hentry"],"_links":{"self":[{"href":"https:\/\/navaleno-o.es\/index.php\/wp-json\/wp\/v2\/pages\/2","targetHints":{"allow":["GET"]}}],"collection":[{"href":"https:\/\/navaleno-o.es\/index.php\/wp-json\/wp\/v2\/pages"}],"about":[{"href":"https:\/\/navaleno-o.es\/index.php\/wp-json\/wp\/v2\/types\/page"}],"author":[{"embeddable":true,"href":"https:\/\/navaleno-o.es\/index.php\/wp-json\/wp\/v2\/users\/1"}],"replies":[{"embeddable":true,"href":"https:\/\/navaleno-o.es\/index.php\/wp-json\/wp\/v2\/comments?post=2"}],"version-history":[{"count":145,"href":"https:\/\/navaleno-o.es\/index.php\/wp-json\/wp\/v2\/pages\/2\/revisions"}],"predecessor-version":[{"id":1176,"href":"https:\/\/navaleno-o.es\/index.php\/wp-json\/wp\/v2\/pages\/2\/revisions\/1176"}],"wp:attachment":[{"href":"https:\/\/navaleno-o.es\/index.php\/wp-json\/wp\/v2\/media?parent=2"}],"curies":[{"name":"wp","href":"https:\/\/api.w.org\/{rel}","templated":true}]}}